{"id":29069,"date":"2023-05-25T11:05:33","date_gmt":"2023-05-25T09:05:33","guid":{"rendered":"https:\/\/glaciervision.com\/?page_id=29069"},"modified":"2025-12-16T11:21:00","modified_gmt":"2025-12-16T10:21:00","slug":"portfolio-2","status":"publish","type":"page","link":"https:\/\/glaciervision.com\/en\/portfolio-2\/","title":{"rendered":"PORTFOLIO"},"content":{"rendered":"<p>[et_pb_section fb_built=&#8220;1&#8243; fullwidth=&#8220;on&#8220; admin_label=&#8220;Section&#8220; _builder_version=&#8220;4.16&#8243; custom_padding=&#8220;0px|0px|0px|0px&#8220; transparent_background=&#8220;off&#8220; make_fullwidth=&#8220;off&#8220; use_custom_width=&#8220;off&#8220; width_unit=&#8220;off&#8220; custom_width_px=&#8220;1080px&#8220; custom_width_percent=&#8220;80%&#8220; global_colors_info=&#8220;{}&#8220;][et_pb_fullwidth_image src=&#8220;https:\/\/glaciervision.com\/wp-content\/uploads\/2025\/11\/7-1.png&#8220; title_text=&#8220;7&#8243; _builder_version=&#8220;4.27.4&#8243; _module_preset=&#8220;default&#8220; global_colors_info=&#8220;{}&#8220;][\/et_pb_fullwidth_image][\/et_pb_section][et_pb_section fb_built=&#8220;1&#8243; _builder_version=&#8220;4.21.0&#8243; _module_preset=&#8220;default&#8220; custom_padding=&#8220;23px||4px|||&#8220; global_colors_info=&#8220;{}&#8220;][et_pb_row _builder_version=&#8220;4.21.0&#8243; _module_preset=&#8220;default&#8220; global_colors_info=&#8220;{}&#8220;][et_pb_column type=&#8220;4_4&#8243; _builder_version=&#8220;4.21.0&#8243; _module_preset=&#8220;default&#8220; global_colors_info=&#8220;{}&#8220;][et_pb_text _builder_version=&#8220;4.27.4&#8243; _module_preset=&#8220;default&#8220; text_font_size=&#8220;16px&#8220; global_colors_info=&#8220;{}&#8220;]<\/p>\n<p style=\"text-align: justify;\">Willkommen in unserem Portfolio, das unsere Gletscherschutz- und Musikprojekte vorstellt. Unser Portfolio zeigt unser Engagement f\u00fcr den Erhalt der Gletscher, die f\u00fcr das \u00d6kosystem unseres Planeten von entscheidender Bedeutung sind.<\/p>\n<p>[\/et_pb_text][\/et_pb_column][\/et_pb_row][et_pb_row column_structure=&#8220;1_2,1_2&#8243; _builder_version=&#8220;4.21.0&#8243; _module_preset=&#8220;default&#8220; custom_margin=&#8220;|auto|-3px|auto||&#8220; global_colors_info=&#8220;{}&#8220;][et_pb_column type=&#8220;1_2&#8243; _builder_version=&#8220;4.21.0&#8243; _module_preset=&#8220;default&#8220; global_colors_info=&#8220;{}&#8220;][et_pb_image src=&#8220;https:\/\/glaciervision.com\/wp-content\/uploads\/2025\/01\/AE_Logo_farbig.png&#8220; title_text=&#8220;AE_Logo_farbig&#8220; url=&#8220;https:\/\/glaciervision.com\/project\/project-5\/&#8220; _builder_version=&#8220;4.27.4&#8243; _module_preset=&#8220;default&#8220; width=&#8220;78%&#8220; global_colors_info=&#8220;{}&#8220;][\/et_pb_image][et_pb_text _builder_version=&#8220;4.27.4&#8243; _module_preset=&#8220;default&#8220; text_font_size=&#8220;16px&#8220; global_colors_info=&#8220;{}&#8220;]<\/p>\n<p>Die Academia Engiadina ist ein modernes Bildungszentrum im Engadin, das praxisorientierte Aus- und Weiterbildungen in den Bereichen Wirtschaft, Tourismus, Sport und Technik anbietet.<\/p>\n<p>[\/et_pb_text][\/et_pb_column][et_pb_column type=&#8220;1_2&#8243; _builder_version=&#8220;4.21.0&#8243; _module_preset=&#8220;default&#8220; global_colors_info=&#8220;{}&#8220;][et_pb_image src=&#8220;https:\/\/glaciervision.com\/wp-content\/uploads\/2025\/12\/Glacierslogo.jpg.png&#8220; title_text=&#8220;Glacierslogo.jpg&#8220; url=&#8220;https:\/\/glaciersalive.ch\/wp-admin\/post-new.php&#8220; align=&#8220;center&#8220; _builder_version=&#8220;4.27.4&#8243; _module_preset=&#8220;default&#8220; min_height=&#8220;100px&#8220; hover_enabled=&#8220;0&#8243; global_colors_info=&#8220;{}&#8220; width=&#8220;62%&#8220; sticky_enabled=&#8220;0&#8243;][\/et_pb_image][et_pb_text _builder_version=&#8220;4.27.4&#8243; _module_preset=&#8220;default&#8220; text_font_size=&#8220;16px&#8220; hover_enabled=&#8220;0&#8243; global_colors_info=&#8220;{}&#8220; custom_padding=&#8220;2px|||||&#8220; sticky_enabled=&#8220;0&#8243;]<\/p>\n<div class=\"et_pb_row et_pb_row_2\">\n<div class=\"et_pb_column et_pb_column_4_4 et_pb_column_3  et_pb_css_mix_blend_mode_passthrough et-last-child\">\n<div class=\"et_pb_module et_pb_text et_pb_text_1 et_pb_text_align_center et_pb_bg_layout_light et_multi_view__hover_selector et_multi_view__hovered\">\n<div class=\"et_pb_text_inner\" data-et-multi-view=\"{&quot;schema&quot;:{&quot;content&quot;:{&quot;desktop&quot;:&quot;&lt;h3 style=\\&quot;text-align: center;\\&quot;&gt;Der Verein GlaciersAlive setzt sich f\\u00fcr den Schutz von gefrorenen S\\u00fcsswasserspeichern zur nachhaltigen Sicherung der Wasserversorgung in Gebirgsregionen ein.&lt;\\\/h3&gt;&quot;,&quot;tablet&quot;:&quot;&lt;h3 style=\\&quot;text-align: center;\\&quot;&gt;Der Verein GlaciersAlive setzt sich f\\u00fcr den Schutz von gefrorenen S\\u00fcsswasserspeichern zur nachhaltigen Sicherung der Wasserversorgung &lt;br \\\/&gt;in Gebirgsregionen ein.&lt;\\\/h3&gt;&quot;,&quot;phone&quot;:&quot;&lt;h3 style=\\&quot;text-align: center;\\&quot;&gt;Der Verein GlaciersAlive setzt sich f\\u00fcr den Schutz von gefrorenen S\\u00fcsswasserspeichern zur nachhaltigen Sicherung der Wasserversorgung in Gebirgsregionen ein.&lt;\\\/h3&gt;&quot;}},&quot;slug&quot;:&quot;et_pb_text&quot;}\" data-et-multi-view-load-tablet-hidden=\"true\">\n<p style=\"text-align: left;\">Der Verein und die Foundation GlaciersAlive setzen sich f\u00fcr den Schutz von gefrorenen S\u00fcsswasserspeichern zur nachhaltigen Sicherung der Wasserversorgung in Gebirgsregionen ein.<\/p>\n<\/div>\n<\/div>\n<\/div>\n<\/div>\n<p>[\/et_pb_text][\/et_pb_column][\/et_pb_row][et_pb_row _builder_version=&#8220;4.21.0&#8243; _module_preset=&#8220;default&#8220; global_colors_info=&#8220;{}&#8220; custom_padding=&#8220;1px|||||&#8220;][et_pb_column type=&#8220;4_4&#8243; _builder_version=&#8220;4.21.0&#8243; _module_preset=&#8220;default&#8220; global_colors_info=&#8220;{}&#8220;][et_pb_text _builder_version=&#8220;4.21.0&#8243; _module_preset=&#8220;default&#8220; link_option_url=&#8220; glaciervision.com\/project\/musikstrahl\/&#8220; global_colors_info=&#8220;{}&#8220;]<\/p>\n<h2 style=\"text-align: center;\">MUSIKSTRAHL<\/h2>\n<h3 style=\"text-align: center;\">Atelier for music therapy and pedagogy<\/h3>\n<p>[\/et_pb_text][et_pb_text _builder_version=&#8220;4.27.4&#8243; _module_preset=&#8220;default&#8220; text_font_size=&#8220;16px&#8220; global_colors_info=&#8220;{}&#8220;]<\/p>\n<p>Musikstrahl ist ein Atelier f\u00fcr Musiktherapie und -p\u00e4dagogik in St. Gallen, das mit Klang, Rhythmus und Stimme Menschen jeden Alters in ihrer emotionalen, geistigen und k\u00f6rperlichen Entwicklung unterst\u00fctzt.<\/p>\n<p>[\/et_pb_text][\/et_pb_column][\/et_pb_row][\/et_pb_section]<\/p>","protected":false},"excerpt":{"rendered":"<p>Willkommen in unserem Portfolio, das unsere Gletscherschutz- und Musikprojekte vorstellt. Unser Portfolio zeigt unser Engagement f\u00fcr den Erhalt der Gletscher, die f\u00fcr das \u00d6kosystem unseres Planeten von entscheidender Bedeutung sind.Die Academia Engiadina ist ein modernes Bildungszentrum im Engadin, das praxisorientierte Aus- und Weiterbildungen in den Bereichen Wirtschaft, Tourismus, Sport und Technik anbietet. Der Verein und [&hellip;]<\/p>","protected":false},"author":1,"featured_media":0,"parent":0,"menu_order":0,"comment_status":"closed","ping_status":"closed","template":"","meta":{"_et_pb_use_builder":"on","_et_pb_old_content":"","_et_gb_content_width":"","footnotes":""},"class_list":["post-29069","page","type-page","status-publish","hentry"],"_links":{"self":[{"href":"https:\/\/glaciervision.com\/en\/wp-json\/wp\/v2\/pages\/29069","targetHints":{"allow":["GET"]}}],"collection":[{"href":"https:\/\/glaciervision.com\/en\/wp-json\/wp\/v2\/pages"}],"about":[{"href":"https:\/\/glaciervision.com\/en\/wp-json\/wp\/v2\/types\/page"}],"author":[{"embeddable":true,"href":"https:\/\/glaciervision.com\/en\/wp-json\/wp\/v2\/users\/1"}],"replies":[{"embeddable":true,"href":"https:\/\/glaciervision.com\/en\/wp-json\/wp\/v2\/comments?post=29069"}],"version-history":[{"count":24,"href":"https:\/\/glaciervision.com\/en\/wp-json\/wp\/v2\/pages\/29069\/revisions"}],"predecessor-version":[{"id":30025,"href":"https:\/\/glaciervision.com\/en\/wp-json\/wp\/v2\/pages\/29069\/revisions\/30025"}],"wp:attachment":[{"href":"https:\/\/glaciervision.com\/en\/wp-json\/wp\/v2\/media?parent=29069"}],"curies":[{"name":"wp","href":"https:\/\/api.w.org\/{rel}","templated":true}]}}