{"id":29079,"date":"2023-05-25T11:36:06","date_gmt":"2023-05-25T09:36:06","guid":{"rendered":"https:\/\/glaciervision.com\/?page_id=29079"},"modified":"2025-11-09T22:22:38","modified_gmt":"2025-11-09T21:22:38","slug":"dienstleistungen","status":"publish","type":"page","link":"https:\/\/glaciervision.com\/en\/dienstleistungen\/","title":{"rendered":"SERVICES"},"content":{"rendered":"<p>[et_pb_section fb_built=&#8220;1&#8243; fullwidth=&#8220;on&#8220; _builder_version=&#8220;4.21.0&#8243; _module_preset=&#8220;default&#8220; global_colors_info=&#8220;{}&#8220;][et_pb_fullwidth_image src=&#8220;https:\/\/glaciervision.com\/wp-content\/uploads\/2025\/11\/5.png&#8220; title_text=&#8220;5&#8243; _builder_version=&#8220;4.27.4&#8243; _module_preset=&#8220;default&#8220; hover_enabled=&#8220;0&#8243; global_colors_info=&#8220;{}&#8220; sticky_enabled=&#8220;0&#8243;][\/et_pb_fullwidth_image][\/et_pb_section][et_pb_section fb_built=&#8220;1&#8243; _builder_version=&#8220;4.21.0&#8243; _module_preset=&#8220;default&#8220; custom_padding=&#8220;3px||5px|||&#8220; global_colors_info=&#8220;{}&#8220;][et_pb_row _builder_version=&#8220;4.21.0&#8243; _module_preset=&#8220;default&#8220; custom_padding=&#8220;3px||5px|||&#8220; global_colors_info=&#8220;{}&#8220;][et_pb_column type=&#8220;4_4&#8243; _builder_version=&#8220;4.21.0&#8243; _module_preset=&#8220;default&#8220; global_colors_info=&#8220;{}&#8220;][et_pb_text _builder_version=&#8220;4.21.0&#8243; _module_preset=&#8220;default&#8220; text_font_size=&#8220;16px&#8220; custom_padding=&#8220;10px|||||&#8220; global_colors_info=&#8220;{}&#8220;]<\/p>\n<p style=\"text-align: justify;\">Glaciers are important natural water reservoirs. Their meltwater secures the water supply and thus the basis of life in dry mountain regions such as in Central Asia or South America. In the Alps, too, glacial meltwater can prevent a water shortage in a dry, hot summer. But climate change is causing glaciers to melt at an ever faster rate. In the long term, this will lead to regional water shortages and can trigger migration flows and even conflicts.<\/p>\n<p style=\"text-align: justify;\">This is precisely where we come in, because it is time to act, which is expressed with the vision \u201cGlaciers can grow again in the future\u201d. This involves glaciological solutions (MortAlive, glacier cover, protection of water supplies, etc.), motivation for global climate protection (Swiss Ice Fiddlers, Tango Glaciar) and outdoor activities (excursions, adventure and activity weeks).<\/p>\n<p style=\"text-align: justify;\">All our services are connected with our projects, which you can find on our <a href=\"https:\/\/glaciervision.com\/en\/portfolio-2\/\">Portfolio<\/a> page.\u00a0<\/p>\n<p style=\"text-align: justify;\">\n<p>[\/et_pb_text][\/et_pb_column][\/et_pb_row][\/et_pb_section][et_pb_section fb_built=&#8220;1&#8243; _builder_version=&#8220;4.21.0&#8243; _module_preset=&#8220;default&#8220; custom_padding=&#8220;3px||4px|||&#8220; global_colors_info=&#8220;{}&#8220;][et_pb_row _builder_version=&#8220;4.21.0&#8243; _module_preset=&#8220;default&#8220; custom_margin=&#8220;14px|auto||auto||&#8220; custom_padding=&#8220;7px||4px|||&#8220; global_colors_info=&#8220;{}&#8220;][et_pb_column type=&#8220;4_4&#8243; _builder_version=&#8220;4.21.0&#8243; _module_preset=&#8220;default&#8220; global_colors_info=&#8220;{}&#8220;][et_pb_text _builder_version=&#8220;4.21.0&#8243; _module_preset=&#8220;default&#8220; global_colors_info=&#8220;{}&#8220;]<\/p>\n<h2>Our Services<\/h2>\n<p>[\/et_pb_text][\/et_pb_column][\/et_pb_row][\/et_pb_section][et_pb_section fb_built=&#8220;1&#8243; admin_label=&#8220;Services&#8220; _builder_version=&#8220;4.16&#8243; background_color=&#8220;rgba(0,0,0,0)&#8220; z_index=&#8220;10&#8243; custom_margin=&#8220;||-6px|||&#8220; custom_padding=&#8220;0px||3px|||&#8220; locked=&#8220;off&#8220; global_colors_info=&#8220;{}&#8220;][et_pb_row column_structure=&#8220;1_3,1_3,1_3&#8243; _builder_version=&#8220;4.21.0&#8243; _module_preset=&#8220;default&#8220; custom_margin=&#8220;11px|auto||auto||&#8220; custom_padding=&#8220;3px||4px|||&#8220; global_colors_info=&#8220;{}&#8220;][et_pb_column type=&#8220;1_3&#8243; _builder_version=&#8220;4.21.0&#8243; _module_preset=&#8220;default&#8220; global_colors_info=&#8220;{}&#8220;][et_pb_image src=&#8220;https:\/\/glaciervision.com\/wp-content\/uploads\/2023\/05\/0013-L1004637-Kopie.jpg&#8220; title_text=&#8220;0013 L1004637 &#8211; Kopie&#8220; _builder_version=&#8220;4.21.0&#8243; _module_preset=&#8220;default&#8220; global_colors_info=&#8220;{}&#8220;][\/et_pb_image][et_pb_text _builder_version=&#8220;4.27.0&#8243; _module_preset=&#8220;default&#8220; custom_margin=&#8220;||0px|||&#8220; global_colors_info=&#8220;{}&#8220;]<\/p>\n<h4>Glaciology<\/h4>\n<p>[\/et_pb_text][et_pb_text _builder_version=&#8220;4.21.0&#8243; _module_preset=&#8220;default&#8220; text_font_size=&#8220;16px&#8220; global_colors_info=&#8220;{}&#8220;]<\/p>\n<ul>\n<li>MortAlive - Research<\/li>\n<li>Ice measurements on the Upper Engadine lakes<\/li>\n<li>Permafrost subsoil investigations<\/li>\n<\/ul>\n<p>[\/et_pb_text][\/et_pb_column][et_pb_column type=&#8220;1_3&#8243; _builder_version=&#8220;4.21.0&#8243; _module_preset=&#8220;default&#8220; global_colors_info=&#8220;{}&#8220;][et_pb_image src=&#8220;https:\/\/glaciervision.com\/wp-content\/uploads\/2023\/05\/Design-ohne-Titel44.png&#8220; title_text=&#8220;Design-ohne-Titel44&#8243; _builder_version=&#8220;4.21.0&#8243; _module_preset=&#8220;default&#8220; global_colors_info=&#8220;{}&#8220;][\/et_pb_image][et_pb_text _builder_version=&#8220;4.27.0&#8243; _module_preset=&#8220;default&#8220; custom_margin=&#8220;||0px|||&#8220; global_colors_info=&#8220;{}&#8220;]<\/p>\n<h4>Glacier music and music vision<\/h4>\n<p>[\/et_pb_text][et_pb_text _builder_version=&#8220;4.21.0&#8243; _module_preset=&#8220;default&#8220; text_font_size=&#8220;16px&#8220; global_colors_info=&#8220;{}&#8220;]<\/p>\n<ul>\n<li>Swiss Ice Fiddlers performances<\/li>\n<li>TangoGlaciar performances<\/li>\n<li>Musikstrahl - Atelier for Music Therapy &amp; Pedagogy<\/li>\n<\/ul>\n<p>[\/et_pb_text][\/et_pb_column][et_pb_column type=&#8220;1_3&#8243; _builder_version=&#8220;4.21.0&#8243; _module_preset=&#8220;default&#8220; global_colors_info=&#8220;{}&#8220;][et_pb_image src=&#8220;https:\/\/glaciervision.com\/wp-content\/uploads\/2023\/05\/DRIH0695.jpg&#8220; title_text=&#8220;DRIH0695&#8243; _builder_version=&#8220;4.21.0&#8243; _module_preset=&#8220;default&#8220; global_colors_info=&#8220;{}&#8220;][\/et_pb_image][et_pb_text _builder_version=&#8220;4.27.0&#8243; _module_preset=&#8220;default&#8220; custom_margin=&#8220;||1px|||&#8220; global_colors_info=&#8220;{}&#8220;]<\/p>\n<h4>Outdoor activities<\/h4>\n<p>[\/et_pb_text][et_pb_text _builder_version=&#8220;4.21.0&#8243; _module_preset=&#8220;default&#8220; text_font_size=&#8220;15px&#8220; global_colors_info=&#8220;{}&#8220;]<\/p>\n<ul>\n<li>Excursions (e.g. Morteratsch glacier foreland)<\/li>\n<li>Glacier and Yoga week<\/li>\n<li>New hiking, snowshoeing and ski touring options<\/li>\n<\/ul>\n<p>[\/et_pb_text][\/et_pb_column][\/et_pb_row][et_pb_row column_structure=&#8220;1_3,1_3,1_3&#8243; _builder_version=&#8220;4.21.0&#8243; _module_preset=&#8220;default&#8220; custom_padding=&#8220;3px|||||&#8220; global_colors_info=&#8220;{}&#8220;][et_pb_column type=&#8220;1_3&#8243; _builder_version=&#8220;4.21.0&#8243; _module_preset=&#8220;default&#8220; global_colors_info=&#8220;{}&#8220;][et_pb_button button_url=&#8220;http:\/\/glaciervision.com\/glaziologie\/&#8220; button_text=&#8220;zum Angebot&#8220; button_alignment=&#8220;left&#8220; _builder_version=&#8220;4.21.0&#8243; _module_preset=&#8220;default&#8220; custom_button=&#8220;on&#8220; button_text_size=&#8220;16px&#8220; button_text_color=&#8220;#000000&#8243; button_bg_color=&#8220;#cecece&#8220; button_border_width=&#8220;0px&#8220; global_colors_info=&#8220;{}&#8220;][\/et_pb_button][\/et_pb_column][et_pb_column type=&#8220;1_3&#8243; _builder_version=&#8220;4.21.0&#8243; _module_preset=&#8220;default&#8220; global_colors_info=&#8220;{}&#8220;][et_pb_button button_url=&#8220;http:\/\/glaciervision.com\/gletschermusik-und-gletschervision\/&#8220; button_text=&#8220;zum Angebot&#8220; button_alignment=&#8220;left&#8220; _builder_version=&#8220;4.21.0&#8243; _module_preset=&#8220;default&#8220; custom_button=&#8220;on&#8220; button_text_size=&#8220;16px&#8220; button_text_color=&#8220;#000000&#8243; button_bg_color=&#8220;#cecece&#8220; button_border_width=&#8220;0px&#8220; custom_margin=&#8220;-3px|||||&#8220; global_colors_info=&#8220;{}&#8220;][\/et_pb_button][\/et_pb_column][et_pb_column type=&#8220;1_3&#8243; _builder_version=&#8220;4.21.0&#8243; _module_preset=&#8220;default&#8220; global_colors_info=&#8220;{}&#8220;][et_pb_button button_url=&#8220;http:\/\/glaciervision.com\/geh-raus\/&#8220; button_text=&#8220;zum Angebot&#8220; button_alignment=&#8220;left&#8220; _builder_version=&#8220;4.21.0&#8243; _module_preset=&#8220;default&#8220; custom_button=&#8220;on&#8220; button_text_size=&#8220;16px&#8220; button_text_color=&#8220;#000000&#8243; button_bg_color=&#8220;#cecece&#8220; button_border_width=&#8220;0px&#8220; global_colors_info=&#8220;{}&#8220;][\/et_pb_button][\/et_pb_column][\/et_pb_row][\/et_pb_section]<\/p>","protected":false},"excerpt":{"rendered":"<p>Gletscher sind wichtige, nat\u00fcrliche Wasserspeicher. Ihr Schmelzwasser sichert in trockenen Gebirgsregionen wie in Zentralasien oder S\u00fcdamerika die Wasserversorgung und damit die Lebensgrundlage. Auch in den Alpen kann Gletscherschmelzwasser in einem trockenen Hitzesommer einen Wasser-Engpass verhindern. Doch der Klimawandel l\u00e4sst die Gletscher immer schneller abschmelzen. Dies f\u00fchrt langfristig zu regionaler Wasserknappheit und kann Migrationsstr\u00f6me bis hin [&hellip;]<\/p>","protected":false},"author":1,"featured_media":0,"parent":0,"menu_order":0,"comment_status":"closed","ping_status":"closed","template":"","meta":{"_et_pb_use_builder":"on","_et_pb_old_content":"","_et_gb_content_width":"","footnotes":""},"class_list":["post-29079","page","type-page","status-publish","hentry"],"_links":{"self":[{"href":"https:\/\/glaciervision.com\/en\/wp-json\/wp\/v2\/pages\/29079","targetHints":{"allow":["GET"]}}],"collection":[{"href":"https:\/\/glaciervision.com\/en\/wp-json\/wp\/v2\/pages"}],"about":[{"href":"https:\/\/glaciervision.com\/en\/wp-json\/wp\/v2\/types\/page"}],"author":[{"embeddable":true,"href":"https:\/\/glaciervision.com\/en\/wp-json\/wp\/v2\/users\/1"}],"replies":[{"embeddable":true,"href":"https:\/\/glaciervision.com\/en\/wp-json\/wp\/v2\/comments?post=29079"}],"version-history":[{"count":21,"href":"https:\/\/glaciervision.com\/en\/wp-json\/wp\/v2\/pages\/29079\/revisions"}],"predecessor-version":[{"id":30009,"href":"https:\/\/glaciervision.com\/en\/wp-json\/wp\/v2\/pages\/29079\/revisions\/30009"}],"wp:attachment":[{"href":"https:\/\/glaciervision.com\/en\/wp-json\/wp\/v2\/media?parent=29079"}],"curies":[{"name":"wp","href":"https:\/\/api.w.org\/{rel}","templated":true}]}}