{"id":29134,"date":"2023-05-25T17:28:54","date_gmt":"2023-05-25T15:28:54","guid":{"rendered":"https:\/\/glaciervision.com\/?page_id=29134"},"modified":"2025-11-09T22:30:04","modified_gmt":"2025-11-09T21:30:04","slug":"glaziologie","status":"publish","type":"page","link":"https:\/\/glaciervision.com\/en\/glaziologie\/","title":{"rendered":"Glaciology"},"content":{"rendered":"<p>[et_pb_section fb_built=&#8220;1&#8243; fullwidth=&#8220;on&#8220; _builder_version=&#8220;4.21.0&#8243; _module_preset=&#8220;default&#8220; global_colors_info=&#8220;{}&#8220;][et_pb_fullwidth_image src=&#8220;https:\/\/glaciervision.com\/wp-content\/uploads\/2025\/11\/11.png&#8220; title_text=&#8220;11&#8243; _builder_version=&#8220;4.27.4&#8243; _module_preset=&#8220;default&#8220; hover_enabled=&#8220;0&#8243; global_colors_info=&#8220;{}&#8220; sticky_enabled=&#8220;0&#8243;][\/et_pb_fullwidth_image][\/et_pb_section][et_pb_section fb_built=&#8220;1&#8243; _builder_version=&#8220;4.21.0&#8243; _module_preset=&#8220;default&#8220; custom_padding=&#8220;3px||2px|||&#8220; global_colors_info=&#8220;{}&#8220;][et_pb_row _builder_version=&#8220;4.21.0&#8243; _module_preset=&#8220;default&#8220; custom_padding=&#8220;||3px|||&#8220; global_colors_info=&#8220;{}&#8220;][et_pb_column type=&#8220;4_4&#8243; _builder_version=&#8220;4.21.0&#8243; _module_preset=&#8220;default&#8220; global_colors_info=&#8220;{}&#8220;][et_pb_text _builder_version=&#8220;4.21.0&#8243; _module_preset=&#8220;default&#8220; global_colors_info=&#8220;{}&#8220;]<\/p>\n<h3>Glaciology<\/h3>\n<p>[\/et_pb_text][\/et_pb_column][\/et_pb_row][\/et_pb_section][et_pb_section fb_built=&#8220;1&#8243; _builder_version=&#8220;4.21.0&#8243; _module_preset=&#8220;default&#8220; custom_padding=&#8220;3px||4px|||&#8220; global_colors_info=&#8220;{}&#8220;][et_pb_row _builder_version=&#8220;4.21.0&#8243; _module_preset=&#8220;default&#8220; custom_padding=&#8220;2px||0px|||&#8220; global_colors_info=&#8220;{}&#8220;][et_pb_column type=&#8220;4_4&#8243; _builder_version=&#8220;4.21.0&#8243; _module_preset=&#8220;default&#8220; global_colors_info=&#8220;{}&#8220;][et_pb_text _builder_version=&#8220;4.21.0&#8243; _module_preset=&#8220;default&#8220; text_font_size=&#8220;16px&#8220; custom_padding=&#8220;||0px|||&#8220; global_colors_info=&#8220;{}&#8220;]<\/p>\n<p style=\"text-align: justify;\">The business field \"Glaciology\" has its origins when Felix Keller, during his dissertation at the Experimental Station for Water, Hydrology and Glaciology of the ETH Zurich, was allowed to lead his own first consulting projects already in 1988. With the founding of ILUalpins - a branch office of ILU AG in Uster (Z\u00fcrich) - and the subsequent founding of GEOalpins at the Academia Engiadina - today the Center for Applied Glaciology - a focus on subsoil consulting in permafrost, natural hazard analyses and lake ice investigations for the large sporting events on the forested Upper Engadine lakes followed. In 2015 the MortAlive project was born, which triggered an unpredictable development such as construction of Ice Stupas, cooperation with Ladakh and also the big Innosuisse project \"Snow Rope\".<\/p>\n<p style=\"text-align: justify;\"><span>All excursions are currently <\/span><span>only carried out on individual request. <\/span>If you are interested or have any questions you can <a href=\"https:\/\/glaciervision.com\/en\/kontakt\/\">here<\/a> .<\/p>\n<p>&nbsp;<\/p>\n<p>[\/et_pb_text][\/et_pb_column][\/et_pb_row][\/et_pb_section][et_pb_section fb_built=&#8220;1&#8243; _builder_version=&#8220;4.21.0&#8243; _module_preset=&#8220;default&#8220; custom_padding=&#8220;4px||2px|||&#8220; global_colors_info=&#8220;{}&#8220;][et_pb_row column_structure=&#8220;1_2,1_2&#8243; _builder_version=&#8220;4.21.0&#8243; _module_preset=&#8220;default&#8220; custom_padding=&#8220;3px|||||&#8220; global_colors_info=&#8220;{}&#8220;][et_pb_column type=&#8220;1_2&#8243; _builder_version=&#8220;4.21.0&#8243; _module_preset=&#8220;default&#8220; global_colors_info=&#8220;{}&#8220;][et_pb_video src=&#8220;https:\/\/glaciervision.com\/wp-content\/uploads\/2025\/01\/WhatsApp-Video-2025-01-09-at-08.54.27.mp4&#8243; _builder_version=&#8220;4.27.4&#8243; _module_preset=&#8220;default&#8220; global_colors_info=&#8220;{}&#8220;][\/et_pb_video][\/et_pb_column][et_pb_column type=&#8220;1_2&#8243; _builder_version=&#8220;4.21.0&#8243; _module_preset=&#8220;default&#8220; global_colors_info=&#8220;{}&#8220;][et_pb_text _builder_version=&#8220;4.27.4&#8243; _module_preset=&#8220;default&#8220; text_font_size=&#8220;16px&#8220; global_colors_info=&#8220;{}&#8220;]<\/p>\n<p style=\"text-align: justify;\"><strong>Ice Stupa construction<\/strong><\/p>\n<p style=\"text-align: justify;\"><span>With the \u201cIce Stupa Artifical Ice Reservoir Technology\u201d (AIR), unused water is stored in large ice towers in winter. The meltwater available in spring is then used for agricultural irrigation. The invention of the ice stupas is thanks to engineer Sonam Wangchuk from Ladakh. He developed the simple solution of forming cone-shaped ice mounds from the meltwater flowing off the glaciers.<\/span><\/p>\n<p style=\"text-align: justify;\"><span>Every year we build Ice Stupas in Switzerland, more precisely in the Engadin. Everyone can join in and help build the basic structure and prepare everything for the winter.<\/span><\/p>\n<p>[\/et_pb_text][\/et_pb_column][\/et_pb_row][\/et_pb_section][et_pb_section fb_built=&#8220;1&#8243; _builder_version=&#8220;4.21.0&#8243; _module_preset=&#8220;default&#8220; custom_padding=&#8220;5px||0px|||&#8220; global_colors_info=&#8220;{}&#8220;][et_pb_row column_structure=&#8220;1_2,1_2&#8243; _builder_version=&#8220;4.21.0&#8243; _module_preset=&#8220;default&#8220; global_colors_info=&#8220;{}&#8220;][et_pb_column type=&#8220;1_2&#8243; _builder_version=&#8220;4.21.0&#8243; _module_preset=&#8220;default&#8220; global_colors_info=&#8220;{}&#8220;][et_pb_gallery gallery_ids=&#8220;29944,29945,29949,29948,29946,29947,29950&#8243; fullwidth=&#8220;on&#8220; _builder_version=&#8220;4.27.4&#8243; _module_preset=&#8220;default&#8220; global_colors_info=&#8220;{}&#8220;][\/et_pb_gallery][\/et_pb_column][et_pb_column type=&#8220;1_2&#8243; _builder_version=&#8220;4.21.0&#8243; _module_preset=&#8220;default&#8220; global_colors_info=&#8220;{}&#8220;][et_pb_text _builder_version=&#8220;4.27.4&#8243; _module_preset=&#8220;default&#8220; text_font_size=&#8220;16px&#8220; global_colors_info=&#8220;{}&#8220;]<\/p>\n<p style=\"text-align: left;\"><strong>Glaciological advice for the safety of frozen lakes<\/strong><\/p>\n<p style=\"text-align: left;\"><strong><\/strong><\/p>\n<ol>\n<li style=\"text-align: left;\">Ice drilling with GIS recording<\/li>\n<li style=\"text-align: left;\">\u00a0Georadar measurements<\/li>\n<li style=\"text-align: left;\">Radar signal of a sea ice cover<\/li>\n<li style=\"text-align: left;\">Radar measurements on Lake St. Moritz<\/li>\n<li style=\"text-align: left;\">Forecast of ice growth based on meteorological data<\/li>\n<li style=\"text-align: left;\">Drone with thermal imaging camera<\/li>\n<li style=\"text-align: left;\">Combination of drone and radar measurements<\/li>\n<\/ol>\n<p>[\/et_pb_text][\/et_pb_column][\/et_pb_row][\/et_pb_section]<\/p>","protected":false},"excerpt":{"rendered":"<p>GlaziologieDas Gesch\u00e4ftsfeld \u00abGlaziologie\u00bb hat Ihren Ursprung als Felix Keller w\u00e4hrend seiner Dissertation an der Versuchsanstalt f\u00fcr Wasser, Hydrologie und Glaziologie der ETH Z\u00fcrich bereits 1988 erste eigene Beratungsprojekte leiten durfte. Mit der Gr\u00fcndung des ILUalpins \u2013 ein Zweigb\u00fcro der ILU AG in Uster \u2013 und der darauffolgenden Gr\u00fcndung des GEOalpins an der Academia Engiadina \u2013 [&hellip;]<\/p>","protected":false},"author":1,"featured_media":0,"parent":0,"menu_order":0,"comment_status":"closed","ping_status":"closed","template":"","meta":{"_et_pb_use_builder":"on","_et_pb_old_content":"","_et_gb_content_width":"","footnotes":""},"class_list":["post-29134","page","type-page","status-publish","hentry"],"_links":{"self":[{"href":"https:\/\/glaciervision.com\/en\/wp-json\/wp\/v2\/pages\/29134","targetHints":{"allow":["GET"]}}],"collection":[{"href":"https:\/\/glaciervision.com\/en\/wp-json\/wp\/v2\/pages"}],"about":[{"href":"https:\/\/glaciervision.com\/en\/wp-json\/wp\/v2\/types\/page"}],"author":[{"embeddable":true,"href":"https:\/\/glaciervision.com\/en\/wp-json\/wp\/v2\/users\/1"}],"replies":[{"embeddable":true,"href":"https:\/\/glaciervision.com\/en\/wp-json\/wp\/v2\/comments?post=29134"}],"version-history":[{"count":29,"href":"https:\/\/glaciervision.com\/en\/wp-json\/wp\/v2\/pages\/29134\/revisions"}],"predecessor-version":[{"id":30013,"href":"https:\/\/glaciervision.com\/en\/wp-json\/wp\/v2\/pages\/29134\/revisions\/30013"}],"wp:attachment":[{"href":"https:\/\/glaciervision.com\/en\/wp-json\/wp\/v2\/media?parent=29134"}],"curies":[{"name":"wp","href":"https:\/\/api.w.org\/{rel}","templated":true}]}}