{"id":29140,"date":"2023-05-25T17:37:13","date_gmt":"2023-05-25T15:37:13","guid":{"rendered":"https:\/\/glaciervision.com\/?page_id=29140"},"modified":"2025-11-09T22:30:53","modified_gmt":"2025-11-09T21:30:53","slug":"gletschermusik-und-gletschervision","status":"publish","type":"page","link":"https:\/\/glaciervision.com\/en\/gletschermusik-und-gletschervision\/","title":{"rendered":"Glacier music and glacier vision"},"content":{"rendered":"<p>[et_pb_section fb_built=&#8220;1&#8243; fullwidth=&#8220;on&#8220; _builder_version=&#8220;4.21.0&#8243; _module_preset=&#8220;default&#8220; global_colors_info=&#8220;{}&#8220;][et_pb_fullwidth_image src=&#8220;https:\/\/glaciervision.com\/wp-content\/uploads\/2025\/11\/13.png&#8220; title_text=&#8220;13&#8243; _builder_version=&#8220;4.27.4&#8243; _module_preset=&#8220;default&#8220; hover_enabled=&#8220;0&#8243; global_colors_info=&#8220;{}&#8220; sticky_enabled=&#8220;0&#8243;][\/et_pb_fullwidth_image][\/et_pb_section][et_pb_section fb_built=&#8220;1&#8243; _builder_version=&#8220;4.21.0&#8243; _module_preset=&#8220;default&#8220; custom_padding=&#8220;5px||3px|||&#8220; global_colors_info=&#8220;{}&#8220;][et_pb_row _builder_version=&#8220;4.21.0&#8243; _module_preset=&#8220;default&#8220; custom_padding=&#8220;||6px|||&#8220; global_colors_info=&#8220;{}&#8220;][et_pb_column type=&#8220;4_4&#8243; _builder_version=&#8220;4.21.0&#8243; _module_preset=&#8220;default&#8220; global_colors_info=&#8220;{}&#8220;][et_pb_text _builder_version=&#8220;4.27.0&#8243; _module_preset=&#8220;default&#8220; locked=&#8220;off&#8220; global_colors_info=&#8220;{}&#8220;]<\/p>\n<h3>Glacier music and glacier vision<\/h3>\n<p>[\/et_pb_text][\/et_pb_column][\/et_pb_row][et_pb_row _builder_version=&#8220;4.21.0&#8243; _module_preset=&#8220;default&#8220; custom_padding=&#8220;3px||1px|||&#8220; global_colors_info=&#8220;{}&#8220;][et_pb_column type=&#8220;4_4&#8243; _builder_version=&#8220;4.21.0&#8243; _module_preset=&#8220;default&#8220; global_colors_info=&#8220;{}&#8220;][et_pb_text _builder_version=&#8220;4.21.0&#8243; _module_preset=&#8220;default&#8220; text_font_size=&#8220;16px&#8220; global_colors_info=&#8220;{}&#8220;]<\/p>\n<p style=\"text-align: justify;\">Music can have an incredibly motivating power and inspire people to get involved in a good cause. In terms of glacier conservation, music helps raise awareness of the threats to these important ecosystems and motivates people to take action to support their preservation.<\/p>\n<p style=\"text-align: justify;\"><span>If you are interested or have any questions you can\u00a0<\/span><a href=\"https:\/\/glaciervision.com\/en\/kontakt\/\">here<\/a><span><a href=\"https:\/\/glaciervision.com\/en\/kontakt\/\">\u00a0<\/a>.<\/span><\/p>\n<p>[\/et_pb_text][\/et_pb_column][\/et_pb_row][et_pb_row column_structure=&#8220;1_2,1_2&#8243; _builder_version=&#8220;4.21.0&#8243; _module_preset=&#8220;default&#8220; global_colors_info=&#8220;{}&#8220;][et_pb_column type=&#8220;1_2&#8243; _builder_version=&#8220;4.21.0&#8243; _module_preset=&#8220;default&#8220; global_colors_info=&#8220;{}&#8220;][et_pb_image src=&#8220;https:\/\/glaciervision.com\/wp-content\/uploads\/2023\/05\/SIF-Konzert-e1685106271695.jpg&#8220; title_text=&#8220;SIF Konzert&#8220; _builder_version=&#8220;4.21.0&#8243; _module_preset=&#8220;default&#8220; global_colors_info=&#8220;{}&#8220;][\/et_pb_image][\/et_pb_column][et_pb_column type=&#8220;1_2&#8243; _builder_version=&#8220;4.21.0&#8243; _module_preset=&#8220;default&#8220; global_colors_info=&#8220;{}&#8220;][et_pb_text _builder_version=&#8220;4.21.0&#8243; _module_preset=&#8220;default&#8220; text_font_size=&#8220;16px&#8220; global_colors_info=&#8220;{}&#8220;]<\/p>\n<h1 style=\"text-align: justify;\"><span style=\"color: #666666; font-size: large;\">Swiss Ice Fiddlers\u00a0\u00a0<\/span><\/h1>\n<p style=\"text-align: justify;\">Die <a href=\"https:\/\/swissicefiddlers.ch\/\">Swiss Ice Fiddlers<\/a> wecken auf einzigartige Art Emotionen zur Einmaligkeit der faszinierenden Eiswelt des Hochgebirges. Violinkl\u00e4nge, Landschaftsphotographie, spannende mit Bildern animierte M\u00e4rchen und popul\u00e4rwissenschaftliche glaziologische Ausf\u00fchrungen kombiniert mit Gaumenfreuden l\u00f6sen unerwartet bezaubernde Effekte aus, die das Thema Klimaschutz zur Herzensangelegenheit werden lassen. Abend-Programme, Inszenierungen, Kinderexkursionen und Umrahmungen zu Anl\u00e4ssen aller Art werden individuell zusammengestellt. Musikalische Darbietungen umfassen unterhaltsame Folkmusik aus Nordeuropa (D\u00e4nemark, Finnland, Norwegen, Schweden und Irland), der Schweiz und Kletzmermusik.<\/p>\n<p>[\/et_pb_text][\/et_pb_column][\/et_pb_row][et_pb_row column_structure=&#8220;1_2,1_2&#8243; _builder_version=&#8220;4.21.0&#8243; _module_preset=&#8220;default&#8220; global_colors_info=&#8220;{}&#8220;][et_pb_column type=&#8220;1_2&#8243; _builder_version=&#8220;4.21.0&#8243; _module_preset=&#8220;default&#8220; global_colors_info=&#8220;{}&#8220;][et_pb_image src=&#8220;https:\/\/glaciervision.com\/wp-content\/uploads\/2023\/05\/348358299_952040812660975_7231457871886278539_n.jpg&#8220; title_text=&#8220;348358299_952040812660975_7231457871886278539_n&#8220; _builder_version=&#8220;4.21.0&#8243; _module_preset=&#8220;default&#8220; height=&#8220;454px&#8220; global_colors_info=&#8220;{}&#8220;][\/et_pb_image][\/et_pb_column][et_pb_column type=&#8220;1_2&#8243; _builder_version=&#8220;4.21.0&#8243; _module_preset=&#8220;default&#8220; global_colors_info=&#8220;{}&#8220;][et_pb_text _builder_version=&#8220;4.21.0&#8243; _module_preset=&#8220;default&#8220; text_font_size=&#8220;16px&#8220; global_colors_info=&#8220;{}&#8220;]<\/p>\n<h3><span style=\"font-size: large; color: #666666;\">TangoGlacier\u00a0<\/span><\/h3>\n<p style=\"text-align: justify;\">Das Duo <a href=\"https:\/\/tangoglaciar.ch\/\">TangoGlaciar<\/a> besteht aus den beiden Glaziologen Johannes Oerlemans und Felix Keller. Bekannte Tangos f\u00fcr Orchester wurden von Johannes Oerlemans f\u00fcr diese intime Besetzung arrangiert. Auftritte im In- und Ausland (Niederlande, Deutschland, \u00d6sterreich, Italien, Schweden) in Milongas und wissenschaftlichen Tagungen verleihen dem vielleicht einzigen nur aus Glaziologen bestehenden Tango Ensemble der Welt einen besonderen Reiz.<\/p>\n<p>[\/et_pb_text][\/et_pb_column][\/et_pb_row][et_pb_row column_structure=&#8220;1_2,1_2&#8243; _builder_version=&#8220;4.21.0&#8243; _module_preset=&#8220;default&#8220; global_colors_info=&#8220;{}&#8220;][et_pb_column type=&#8220;1_2&#8243; _builder_version=&#8220;4.21.0&#8243; _module_preset=&#8220;default&#8220; global_colors_info=&#8220;{}&#8220;][et_pb_image src=&#8220;https:\/\/glaciervision.com\/wp-content\/uploads\/2023\/05\/FOR_9010-Kopie-Kopie-scaled-1-e1685303465337.jpg&#8220; title_text=&#8220;FOR_9010-Kopie-Kopie-scaled&#8220; _builder_version=&#8220;4.21.0&#8243; _module_preset=&#8220;default&#8220; height=&#8220;407px&#8220; global_colors_info=&#8220;{}&#8220;][\/et_pb_image][\/et_pb_column][et_pb_column type=&#8220;1_2&#8243; _builder_version=&#8220;4.21.0&#8243; _module_preset=&#8220;default&#8220; global_colors_info=&#8220;{}&#8220;][et_pb_text _builder_version=&#8220;4.21.0&#8243; _module_preset=&#8220;default&#8220; text_font_size=&#8220;16px&#8220; custom_margin=&#8220;||0px|||&#8220; global_colors_info=&#8220;{}&#8220;]<\/p>\n<p><span style=\"font-size: large;\">Musikstrahl<\/span><span style=\"font-size: large; color: #666666;\"><\/span><\/p>\n<h4 style=\"text-align: justify;\"><span style=\"font-size: medium;\"><a href=\"https:\/\/musikstrahl.ch\/\">Atelier<\/a> f\u00fcr Musiktherapie- und P\u00e4dagogik<\/span><\/h4>\n<p style=\"text-align: justify;\">,,Music therapy has the goal of promoting, maintaining or restoring emotional, mental and physical health through music, using methods individually tailored to the client.\"<\/p>\n<p style=\"text-align: justify;\">Wir bieten folgende Arten von <a href=\"https:\/\/musikstrahl.ch\/\">Musiktherapien<\/a> an:<\/p>\n<p style=\"text-align: justify;\">\n<ul style=\"text-align: justify;\">\n<li class=\"translation-block\">Music therapy for children: free music making and experimentation with therapeutic accompaniment<\/li>\n<\/ul>\n<ul style=\"text-align: justify;\">\n<li>Music Therapy Adults: Playing and experimenting with elementary musical instruments or being played with.<\/li>\n<\/ul>\n<ul>\n<li style=\"text-align: justify;\" class=\"translation-block\">Music education: free music making and experimentation with therapeutic accompaniment<\/li>\n<li style=\"text-align: justify;\">Dodo Parent-Child Singing: Singing, moving and making music with the whole family.<\/li>\n<\/ul>\n<p>[\/et_pb_text][\/et_pb_column][\/et_pb_row][\/et_pb_section]<\/p>","protected":false},"excerpt":{"rendered":"<p>Gletschermusik und GletschervisionMusik kann eine unglaublich motivierende Kraft haben und Menschen dazu inspirieren, sich f\u00fcr eine gute Sache einzusetzen. In Bezug auf den Gletscherschutz tr\u00e4gt Musik dazu bei, das Bewusstsein f\u00fcr die Bedrohung dieser wichtigen \u00d6kosysteme zu sch\u00e4rfen und Menschen zu motivieren, aktiv zu werden, um ihre Erhaltung zu unterst\u00fctzen. Bei Interesse oder Fragen k\u00f6nnen [&hellip;]<\/p>","protected":false},"author":1,"featured_media":0,"parent":0,"menu_order":0,"comment_status":"closed","ping_status":"closed","template":"","meta":{"_et_pb_use_builder":"on","_et_pb_old_content":"","_et_gb_content_width":"","footnotes":""},"class_list":["post-29140","page","type-page","status-publish","hentry"],"_links":{"self":[{"href":"https:\/\/glaciervision.com\/en\/wp-json\/wp\/v2\/pages\/29140","targetHints":{"allow":["GET"]}}],"collection":[{"href":"https:\/\/glaciervision.com\/en\/wp-json\/wp\/v2\/pages"}],"about":[{"href":"https:\/\/glaciervision.com\/en\/wp-json\/wp\/v2\/types\/page"}],"author":[{"embeddable":true,"href":"https:\/\/glaciervision.com\/en\/wp-json\/wp\/v2\/users\/1"}],"replies":[{"embeddable":true,"href":"https:\/\/glaciervision.com\/en\/wp-json\/wp\/v2\/comments?post=29140"}],"version-history":[{"count":20,"href":"https:\/\/glaciervision.com\/en\/wp-json\/wp\/v2\/pages\/29140\/revisions"}],"predecessor-version":[{"id":30014,"href":"https:\/\/glaciervision.com\/en\/wp-json\/wp\/v2\/pages\/29140\/revisions\/30014"}],"wp:attachment":[{"href":"https:\/\/glaciervision.com\/en\/wp-json\/wp\/v2\/media?parent=29140"}],"curies":[{"name":"wp","href":"https:\/\/api.w.org\/{rel}","templated":true}]}}