{"id":29145,"date":"2023-05-25T17:38:09","date_gmt":"2023-05-25T15:38:09","guid":{"rendered":"https:\/\/glaciervision.com\/?page_id=29145"},"modified":"2025-11-09T22:33:01","modified_gmt":"2025-11-09T21:33:01","slug":"geh-raus","status":"publish","type":"page","link":"https:\/\/glaciervision.com\/en\/geh-raus\/","title":{"rendered":"Outdoor activities"},"content":{"rendered":"<p>[et_pb_section fb_built=&#8220;1&#8243; fullwidth=&#8220;on&#8220; _builder_version=&#8220;4.21.0&#8243; _module_preset=&#8220;default&#8220; global_colors_info=&#8220;{}&#8220;][et_pb_fullwidth_image src=&#8220;https:\/\/glaciervision.com\/wp-content\/uploads\/2025\/11\/15.png&#8220; title_text=&#8220;15&#8243; _builder_version=&#8220;4.27.4&#8243; _module_preset=&#8220;default&#8220; hover_enabled=&#8220;0&#8243; global_colors_info=&#8220;{}&#8220; sticky_enabled=&#8220;0&#8243;][\/et_pb_fullwidth_image][\/et_pb_section][et_pb_section fb_built=&#8220;1&#8243; _builder_version=&#8220;4.21.0&#8243; _module_preset=&#8220;default&#8220; custom_padding=&#8220;4px||4px|||&#8220; global_colors_info=&#8220;{}&#8220;][et_pb_row _builder_version=&#8220;4.21.0&#8243; _module_preset=&#8220;default&#8220; custom_padding=&#8220;||3px|||&#8220; global_colors_info=&#8220;{}&#8220;][et_pb_column type=&#8220;4_4&#8243; _builder_version=&#8220;4.21.0&#8243; _module_preset=&#8220;default&#8220; global_colors_info=&#8220;{}&#8220;][et_pb_text _builder_version=&#8220;4.27.0&#8243; _module_preset=&#8220;default&#8220; locked=&#8220;off&#8220; global_colors_info=&#8220;{}&#8220;]<\/p>\n<h3>Outdoor activities<\/h3>\n<p>[\/et_pb_text][\/et_pb_column][\/et_pb_row][et_pb_row _builder_version=&#8220;4.21.0&#8243; _module_preset=&#8220;default&#8220; custom_padding=&#8220;0px||6px|||&#8220; global_colors_info=&#8220;{}&#8220;][et_pb_column type=&#8220;4_4&#8243; _builder_version=&#8220;4.21.0&#8243; _module_preset=&#8220;default&#8220; global_colors_info=&#8220;{}&#8220;][et_pb_text _builder_version=&#8220;4.21.0&#8243; _module_preset=&#8220;default&#8220; text_font_size=&#8220;16px&#8220; global_colors_info=&#8220;{}&#8220;]<\/p>\n<p style=\"text-align: justify;\">The Engadine in Switzerland offers a variety of breathtaking opportunities for outdoor excursions, from guided hikes to snowshoe tours and ski tours. Our goal is to offer you unforgettable experiences in the mountains, while working to preserve nature. We want you to experience the beauty of nature and see how we can help protect it.<\/p>\n<p>If you would like more information about our outdoor activities or would like to make an inquiry, you can do it <a href=\"https:\/\/glaciervision.com\/en\/kontakt\/\">here<\/a> .<\/p>\n<p>[\/et_pb_text][\/et_pb_column][\/et_pb_row][et_pb_row column_structure=&#8220;1_2,1_2&#8243; _builder_version=&#8220;4.21.0&#8243; _module_preset=&#8220;default&#8220; global_colors_info=&#8220;{}&#8220;][et_pb_column type=&#8220;1_2&#8243; _builder_version=&#8220;4.21.0&#8243; _module_preset=&#8220;default&#8220; global_colors_info=&#8220;{}&#8220;][et_pb_image src=&#8220;https:\/\/glaciervision.com\/wp-content\/uploads\/2025\/01\/10.png&#8220; title_text=&#8220;10&#8243; align=&#8220;center&#8220; _builder_version=&#8220;4.27.4&#8243; _module_preset=&#8220;default&#8220; module_alignment=&#8220;center&#8220; height=&#8220;432px&#8220; global_colors_info=&#8220;{}&#8220;][\/et_pb_image][\/et_pb_column][et_pb_column type=&#8220;1_2&#8243; _builder_version=&#8220;4.21.0&#8243; _module_preset=&#8220;default&#8220; global_colors_info=&#8220;{}&#8220;][et_pb_text _builder_version=&#8220;4.27.4&#8243; _module_preset=&#8220;default&#8220; text_font_size=&#8220;16px&#8220; locked=&#8220;off&#8220; global_colors_info=&#8220;{}&#8220;]<\/p>\n<p style=\"text-align: justify;\"><strong>Excursions<\/strong><\/p>\n<ul>\n<li style=\"text-align: justify;\">Morteratsch glacier forefield<\/li>\n<li style=\"text-align: justify;\">Glacier Trail Diavolezza<\/li>\n<li style=\"text-align: justify;\">Flood protection Diavolezza \/ Innrevatilization Bever<\/li>\n<li style=\"text-align: justify;\">Geoexperience excursion Val Fex<\/li>\n<li style=\"text-align: justify;\">Geoexperience excursion Lej Lunghin<\/li>\n<\/ul>\n<p>&nbsp;<\/p>\n<p>[\/et_pb_text][\/et_pb_column][\/et_pb_row][et_pb_row column_structure=&#8220;1_2,1_2&#8243; _builder_version=&#8220;4.21.0&#8243; _module_preset=&#8220;default&#8220; global_colors_info=&#8220;{}&#8220;][et_pb_column type=&#8220;1_2&#8243; _builder_version=&#8220;4.21.0&#8243; _module_preset=&#8220;default&#8220; global_colors_info=&#8220;{}&#8220;][et_pb_image src=&#8220;https:\/\/glaciervision.com\/wp-content\/uploads\/2025\/01\/11.png&#8220; title_text=&#8220;11&#8243; align=&#8220;center&#8220; _builder_version=&#8220;4.27.4&#8243; _module_preset=&#8220;default&#8220; module_alignment=&#8220;center&#8220; height=&#8220;432px&#8220; locked=&#8220;off&#8220; global_colors_info=&#8220;{}&#8220;][\/et_pb_image][\/et_pb_column][et_pb_column type=&#8220;1_2&#8243; _builder_version=&#8220;4.21.0&#8243; _module_preset=&#8220;default&#8220; global_colors_info=&#8220;{}&#8220;][et_pb_text _builder_version=&#8220;4.27.4&#8243; _module_preset=&#8220;default&#8220; text_font_size=&#8220;16px&#8220; locked=&#8220;off&#8220; global_colors_info=&#8220;{}&#8220;]<\/p>\n<p style=\"text-align: justify;\"><strong>Wander-, Schneeschuh- und Skiwanderangebote<\/strong><\/p>\n<p style=\"text-align: justify;\">If you are looking for unforgettable outdoor activities, you will find a variety of hiking, snowshoeing and skiing excursions with us.<\/p>\n<p style=\"text-align: justify;\">Im Winter bieten wir Schneeschuh- und Skiwander-Touren an, die sie durch verschneite W\u00e4lder und Berge bringen. Im Winter bieten wir Schneeschuh- und Skiwander-Touren an, die sie durch verschneite W\u00e4lder und Berge bringen. Es ist eine gro\u00dfartige M\u00f6glichkeit, unber\u00fchrte Schneelandschaften zu erleben und die Sch\u00f6nheit der Berge zu geniessen. Sie werden von einem erfahrenen Guide begleitet, der Ihnen individuell angepasste Wanderungen organisiert und Ihnen alles Wissenswerte dar\u00fcber erz\u00e4hlt, was Sie unterwegs sehen werden.<\/p>\n<p>&nbsp;<\/p>\n<p>[\/et_pb_text][\/et_pb_column][\/et_pb_row][et_pb_row column_structure=&#8220;1_2,1_2&#8243; _builder_version=&#8220;4.21.0&#8243; _module_preset=&#8220;default&#8220; global_colors_info=&#8220;{}&#8220;][et_pb_column type=&#8220;1_2&#8243; _builder_version=&#8220;4.21.0&#8243; _module_preset=&#8220;default&#8220; global_colors_info=&#8220;{}&#8220;][et_pb_image src=&#8220;https:\/\/glaciervision.com\/wp-content\/uploads\/2025\/01\/8.png&#8220; title_text=&#8220;8&#8243; align=&#8220;center&#8220; _builder_version=&#8220;4.27.4&#8243; _module_preset=&#8220;default&#8220; module_alignment=&#8220;center&#8220; height=&#8220;432px&#8220; locked=&#8220;off&#8220; global_colors_info=&#8220;{}&#8220;][\/et_pb_image][\/et_pb_column][et_pb_column type=&#8220;1_2&#8243; _builder_version=&#8220;4.21.0&#8243; _module_preset=&#8220;default&#8220; global_colors_info=&#8220;{}&#8220;][et_pb_text _builder_version=&#8220;4.27.4&#8243; _module_preset=&#8220;default&#8220; text_font_size=&#8220;16px&#8220; locked=&#8220;off&#8220; global_colors_info=&#8220;{}&#8220;]<\/p>\n<p><strong>Morteratsch Glacier World<\/strong><\/p>\n<p>Past - Present - Future<\/p>\n<p>Facts and explanations about its past and future expansion and its response to climate change. Are there ways to save it?<\/p>\n<p>Start: train station \/ Hotel Morteratsch<br \/>Duration: half-day or day excursion<\/p>\n<p>[\/et_pb_text][\/et_pb_column][\/et_pb_row][et_pb_row column_structure=&#8220;1_2,1_2&#8243; _builder_version=&#8220;4.21.0&#8243; _module_preset=&#8220;default&#8220; global_colors_info=&#8220;{}&#8220;][et_pb_column type=&#8220;1_2&#8243; _builder_version=&#8220;4.21.0&#8243; _module_preset=&#8220;default&#8220; global_colors_info=&#8220;{}&#8220;][et_pb_image src=&#8220;https:\/\/glaciervision.com\/wp-content\/uploads\/2025\/01\/9.png&#8220; title_text=&#8220;9&#8243; align=&#8220;center&#8220; _builder_version=&#8220;4.27.4&#8243; _module_preset=&#8220;default&#8220; module_alignment=&#8220;center&#8220; height=&#8220;432px&#8220; locked=&#8220;off&#8220; global_colors_info=&#8220;{}&#8220;][\/et_pb_image][\/et_pb_column][et_pb_column type=&#8220;1_2&#8243; _builder_version=&#8220;4.21.0&#8243; _module_preset=&#8220;default&#8220; global_colors_info=&#8220;{}&#8220;][et_pb_text _builder_version=&#8220;4.27.0&#8243; _module_preset=&#8220;default&#8220; text_font_size=&#8220;16px&#8220; locked=&#8220;off&#8220; global_colors_info=&#8220;{}&#8220;]<\/p>\n<p style=\"text-align: left;\"><strong>Diavolezza glacier protection<\/strong><\/p>\n<p style=\"text-align: left;\">Can glaciers be protected?<\/p>\n<p style=\"text-align: left;\">How can we protect glaciers from melting? \nVR Glacier Experience Center Diavolezza - Diavolezza mountain station - Glacier Experience Trail - descent via glacier protection covers back to the station. What are Ice Stupa's and what are they for?<\/p>\n<p style=\"text-align: left;\">Start and end: Diavolezza valley station<\/p>\n<p>[\/et_pb_text][\/et_pb_column][\/et_pb_row][et_pb_row column_structure=&#8220;1_2,1_2&#8243; _builder_version=&#8220;4.21.0&#8243; _module_preset=&#8220;default&#8220; global_colors_info=&#8220;{}&#8220;][et_pb_column type=&#8220;1_2&#8243; _builder_version=&#8220;4.21.0&#8243; _module_preset=&#8220;default&#8220; global_colors_info=&#8220;{}&#8220;][et_pb_image src=&#8220;https:\/\/glaciervision.com\/wp-content\/uploads\/2025\/01\/4.png&#8220; title_text=&#8220;4&#8243; align=&#8220;center&#8220; _builder_version=&#8220;4.27.4&#8243; _module_preset=&#8220;default&#8220; module_alignment=&#8220;center&#8220; height=&#8220;432px&#8220; locked=&#8220;off&#8220; global_colors_info=&#8220;{}&#8220;][\/et_pb_image][\/et_pb_column][et_pb_column type=&#8220;1_2&#8243; _builder_version=&#8220;4.21.0&#8243; _module_preset=&#8220;default&#8220; global_colors_info=&#8220;{}&#8220;][et_pb_text _builder_version=&#8220;4.27.0&#8243; _module_preset=&#8220;default&#8220; text_font_size=&#8220;16px&#8220; locked=&#8220;off&#8220; global_colors_info=&#8220;{}&#8220;]<\/p>\n<p><strong>Val Roseg - Landslide and<\/strong><br \/><strong>glacier traces<\/strong><\/p>\n<p>How does the glacier shape its environment?<\/p>\n<p>Impressive views of the landslide and the glaciers of Val Roseg with scientific facts about the changes and possible future scenarios. What forms are created by glaciers? Where are the dangers for people and the environment?<\/p>\n<p>Start: Middle Station Corvatsch and the end by the hotel\/restaurant Roseggletscher.<br \/>Hotel\/Restaurant Roseggletscher.<br \/>Duration: Day excursion<\/p>\n<p>&nbsp;<\/p>\n<p>[\/et_pb_text][\/et_pb_column][\/et_pb_row][et_pb_row column_structure=&#8220;1_2,1_2&#8243; _builder_version=&#8220;4.21.0&#8243; _module_preset=&#8220;default&#8220; global_colors_info=&#8220;{}&#8220;][et_pb_column type=&#8220;1_2&#8243; _builder_version=&#8220;4.21.0&#8243; _module_preset=&#8220;default&#8220; global_colors_info=&#8220;{}&#8220;][et_pb_image src=&#8220;https:\/\/glaciervision.com\/wp-content\/uploads\/2025\/01\/1.png&#8220; title_text=&#8220;1&#8243; align=&#8220;center&#8220; _builder_version=&#8220;4.27.4&#8243; _module_preset=&#8220;default&#8220; module_alignment=&#8220;center&#8220; height=&#8220;432px&#8220; locked=&#8220;off&#8220; global_colors_info=&#8220;{}&#8220;][\/et_pb_image][\/et_pb_column][et_pb_column type=&#8220;1_2&#8243; _builder_version=&#8220;4.21.0&#8243; _module_preset=&#8220;default&#8220; global_colors_info=&#8220;{}&#8220;][et_pb_text _builder_version=&#8220;4.27.0&#8243; _module_preset=&#8220;default&#8220; text_font_size=&#8220;16px&#8220; locked=&#8220;off&#8220; global_colors_info=&#8220;{}&#8220;]<\/p>\n<p><strong>Pontresina dams<\/strong><\/p>\n<p>Avalanche barriers look different, don't they?<\/p>\n<p>Four impressive and protective dams above Pontresina tower over the village. What kind of disaster are they supposed to prevent? What do they protect against and how, and what is their purpose? And why is Pontresina considered a pioneering community?<\/p>\n<p>Start: Pontresina or Muottas Muragl<br \/>Duration: 1-4 Hours<\/p>\n<p>[\/et_pb_text][\/et_pb_column][\/et_pb_row][et_pb_row column_structure=&#8220;1_2,1_2&#8243; _builder_version=&#8220;4.21.0&#8243; _module_preset=&#8220;default&#8220; global_colors_info=&#8220;{}&#8220;][et_pb_column type=&#8220;1_2&#8243; _builder_version=&#8220;4.21.0&#8243; _module_preset=&#8220;default&#8220; global_colors_info=&#8220;{}&#8220;][et_pb_image src=&#8220;https:\/\/glaciervision.com\/wp-content\/uploads\/2025\/01\/5.png&#8220; title_text=&#8220;5&#8243; align=&#8220;center&#8220; _builder_version=&#8220;4.27.4&#8243; _module_preset=&#8220;default&#8220; module_alignment=&#8220;center&#8220; height=&#8220;432px&#8220; locked=&#8220;off&#8220; global_colors_info=&#8220;{}&#8220;][\/et_pb_image][\/et_pb_column][et_pb_column type=&#8220;1_2&#8243; _builder_version=&#8220;4.21.0&#8243; _module_preset=&#8220;default&#8220; global_colors_info=&#8220;{}&#8220;][et_pb_text _builder_version=&#8220;4.27.0&#8243; _module_preset=&#8220;default&#8220; text_font_size=&#8220;16px&#8220; locked=&#8220;off&#8220; global_colors_info=&#8220;{}&#8220;]<\/p>\n<p><strong>Permafrost in the Val Muragl<\/strong><\/p>\n<p>Lava flows in the Engadin?<\/p>\n<p>Why do scree slopes move and when do they pose a danger to humans? Explanations on the topics of permafrost, natural hazards, climate change and spatial planning. Overview of the history of tourism in the Upper Engadine.<\/p>\n<p>Start: Muottas Muragl valley station, end of Alp Languard<br \/>Languard<br \/>Duration: Day excursion<\/p>\n<p>[\/et_pb_text][\/et_pb_column][\/et_pb_row][et_pb_row column_structure=&#8220;1_2,1_2&#8243; _builder_version=&#8220;4.21.0&#8243; _module_preset=&#8220;default&#8220; global_colors_info=&#8220;{}&#8220;][et_pb_column type=&#8220;1_2&#8243; _builder_version=&#8220;4.21.0&#8243; _module_preset=&#8220;default&#8220; global_colors_info=&#8220;{}&#8220;][et_pb_image src=&#8220;https:\/\/glaciervision.com\/wp-content\/uploads\/2025\/01\/7.png&#8220; title_text=&#8220;7&#8243; align=&#8220;center&#8220; _builder_version=&#8220;4.27.4&#8243; _module_preset=&#8220;default&#8220; module_alignment=&#8220;center&#8220; height=&#8220;432px&#8220; locked=&#8220;off&#8220; global_colors_info=&#8220;{}&#8220;][\/et_pb_image][\/et_pb_column][et_pb_column type=&#8220;1_2&#8243; _builder_version=&#8220;4.21.0&#8243; _module_preset=&#8220;default&#8220; global_colors_info=&#8220;{}&#8220;][et_pb_text _builder_version=&#8220;4.27.0&#8243; _module_preset=&#8220;default&#8220; text_font_size=&#8220;16px&#8220; locked=&#8220;off&#8220; global_colors_info=&#8220;{}&#8220;]<\/p>\n<p><strong>Glaciological adventure walk in the Val Fex<\/strong><\/p>\n<p>Capture the landscape with all your senses<\/p>\n<p>Start: Hotel Fex<\/p>\n<p>[\/et_pb_text][\/et_pb_column][\/et_pb_row][et_pb_row column_structure=&#8220;1_2,1_2&#8243; _builder_version=&#8220;4.21.0&#8243; _module_preset=&#8220;default&#8220; global_colors_info=&#8220;{}&#8220;][et_pb_column type=&#8220;1_2&#8243; _builder_version=&#8220;4.21.0&#8243; _module_preset=&#8220;default&#8220; global_colors_info=&#8220;{}&#8220;][et_pb_image src=&#8220;https:\/\/glaciervision.com\/wp-content\/uploads\/2025\/01\/2.png&#8220; title_text=&#8220;2&#8243; align=&#8220;center&#8220; _builder_version=&#8220;4.27.4&#8243; _module_preset=&#8220;default&#8220; module_alignment=&#8220;center&#8220; height=&#8220;432px&#8220; locked=&#8220;off&#8220; global_colors_info=&#8220;{}&#8220;][\/et_pb_image][\/et_pb_column][et_pb_column type=&#8220;1_2&#8243; _builder_version=&#8220;4.21.0&#8243; _module_preset=&#8220;default&#8220; global_colors_info=&#8220;{}&#8220;][et_pb_text _builder_version=&#8220;4.27.0&#8243; _module_preset=&#8220;default&#8220; text_font_size=&#8220;16px&#8220; locked=&#8220;off&#8220; global_colors_info=&#8220;{}&#8220;]<\/p>\n<p><strong>Cavaglia Glacier Garden<\/strong><\/p>\n<p>Kann man in Gletschert\u00f6pfen kochen?<\/p>\n<p>Start: RhB Cavaglia station<\/p>\n<p>[\/et_pb_text][\/et_pb_column][\/et_pb_row][et_pb_row column_structure=&#8220;1_2,1_2&#8243; _builder_version=&#8220;4.21.0&#8243; _module_preset=&#8220;default&#8220; global_colors_info=&#8220;{}&#8220;][et_pb_column type=&#8220;1_2&#8243; _builder_version=&#8220;4.21.0&#8243; _module_preset=&#8220;default&#8220; global_colors_info=&#8220;{}&#8220;][et_pb_image src=&#8220;https:\/\/glaciervision.com\/wp-content\/uploads\/2025\/01\/3.png&#8220; title_text=&#8220;3&#8243; align=&#8220;center&#8220; _builder_version=&#8220;4.27.4&#8243; _module_preset=&#8220;default&#8220; module_alignment=&#8220;center&#8220; height=&#8220;432px&#8220; locked=&#8220;off&#8220; global_colors_info=&#8220;{}&#8220;][\/et_pb_image][\/et_pb_column][et_pb_column type=&#8220;1_2&#8243; _builder_version=&#8220;4.21.0&#8243; _module_preset=&#8220;default&#8220; global_colors_info=&#8220;{}&#8220;][et_pb_text _builder_version=&#8220;4.27.0&#8243; _module_preset=&#8220;default&#8220; text_font_size=&#8220;16px&#8220; locked=&#8220;off&#8220; global_colors_info=&#8220;{}&#8220;]<\/p>\n<p><strong>Formation of the Engadin<\/strong><br \/><strong>lake landscapes<\/strong><\/p>\n<p>Unique lake landscape in the Alps<\/p>\n<p>Why are there so many lakes in the Upper Engadin? Travel back in time to an era when the Engadin was completely filled with ice.<\/p>\n<p>Start and end: Maloja, via Innquelle<br \/>Duration: Day excursion<\/p>\n<p>[\/et_pb_text][\/et_pb_column][\/et_pb_row][et_pb_row column_structure=&#8220;1_2,1_2&#8243; _builder_version=&#8220;4.21.0&#8243; _module_preset=&#8220;default&#8220; global_colors_info=&#8220;{}&#8220;][et_pb_column type=&#8220;1_2&#8243; _builder_version=&#8220;4.21.0&#8243; _module_preset=&#8220;default&#8220; global_colors_info=&#8220;{}&#8220;][et_pb_image src=&#8220;https:\/\/glaciervision.com\/wp-content\/uploads\/2025\/01\/6.png&#8220; title_text=&#8220;6&#8243; align=&#8220;center&#8220; _builder_version=&#8220;4.27.4&#8243; _module_preset=&#8220;default&#8220; module_alignment=&#8220;center&#8220; height=&#8220;432px&#8220; locked=&#8220;off&#8220; global_colors_info=&#8220;{}&#8220;][\/et_pb_image][\/et_pb_column][et_pb_column type=&#8220;1_2&#8243; _builder_version=&#8220;4.21.0&#8243; _module_preset=&#8220;default&#8220; global_colors_info=&#8220;{}&#8220;][et_pb_text _builder_version=&#8220;4.27.0&#8243; _module_preset=&#8220;default&#8220; text_font_size=&#8220;16px&#8220; locked=&#8220;off&#8220; global_colors_info=&#8220;{}&#8220;]<\/p>\n<p><strong>Samedan flood protection \/ Inn revitalization<\/strong><\/p>\n<p>Back to nature, for the sake of protecting people<\/p>\n<p>Start: Punt Muragl or by arrangement<\/p>\n<p>Duration: 1 to 6 hours along the Inn<\/p>\n<p>[\/et_pb_text][\/et_pb_column][\/et_pb_row][\/et_pb_section]<\/p>","protected":false},"excerpt":{"rendered":"<p>OutdoorangeboteDas Engadin in der Schweiz bietet eine Vielzahl von atemberaubenden M\u00f6glichkeiten f\u00fcr Outdoor-Exkursionen, von gef\u00fchrten Wanderungen bis zu Schneeschuhtouren und Skitouren. Unser Ziel ist es, Ihnen unvergessliche Erlebnisse in den Bergen zu bieten, w\u00e4hrend wir uns f\u00fcr den Erhalt der Natur einsetzen. Wir m\u00f6chten erreichen, dass Sie die Sch\u00f6nheit der Natur erleben und sehen, wie [&hellip;]<\/p>","protected":false},"author":1,"featured_media":0,"parent":0,"menu_order":0,"comment_status":"closed","ping_status":"closed","template":"","meta":{"_et_pb_use_builder":"on","_et_pb_old_content":"","_et_gb_content_width":"","footnotes":""},"class_list":["post-29145","page","type-page","status-publish","hentry"],"_links":{"self":[{"href":"https:\/\/glaciervision.com\/en\/wp-json\/wp\/v2\/pages\/29145","targetHints":{"allow":["GET"]}}],"collection":[{"href":"https:\/\/glaciervision.com\/en\/wp-json\/wp\/v2\/pages"}],"about":[{"href":"https:\/\/glaciervision.com\/en\/wp-json\/wp\/v2\/types\/page"}],"author":[{"embeddable":true,"href":"https:\/\/glaciervision.com\/en\/wp-json\/wp\/v2\/users\/1"}],"replies":[{"embeddable":true,"href":"https:\/\/glaciervision.com\/en\/wp-json\/wp\/v2\/comments?post=29145"}],"version-history":[{"count":16,"href":"https:\/\/glaciervision.com\/en\/wp-json\/wp\/v2\/pages\/29145\/revisions"}],"predecessor-version":[{"id":30015,"href":"https:\/\/glaciervision.com\/en\/wp-json\/wp\/v2\/pages\/29145\/revisions\/30015"}],"wp:attachment":[{"href":"https:\/\/glaciervision.com\/en\/wp-json\/wp\/v2\/media?parent=29145"}],"curies":[{"name":"wp","href":"https:\/\/api.w.org\/{rel}","templated":true}]}}